{"id":1873,"date":"2025-12-09T12:38:07","date_gmt":"2025-12-09T12:38:07","guid":{"rendered":"https:\/\/zarda.nunsys.net\/politica-de-cookies\/"},"modified":"2026-02-26T10:22:34","modified_gmt":"2026-02-26T10:22:34","slug":"politique-de-cookies","status":"publish","type":"page","link":"https:\/\/zarda.nunsys.net\/fr\/politique-de-cookies\/","title":{"rendered":"Politique de cookies"},"content":{"rendered":"\t\t<div data-elementor-type=\"wp-page\" data-elementor-id=\"1873\" class=\"elementor elementor-1873 elementor-801\" data-elementor-post-type=\"page\">\n\t\t\t\t<div class=\"elementor-element elementor-element-c0f3307 e-flex e-con-boxed e-con e-parent\" data-id=\"c0f3307\" data-element_type=\"container\" data-e-type=\"container\" data-settings=\"{&quot;jet_parallax_layout_list&quot;:[]}\">\n\t\t\t\t\t<div class=\"e-con-inner\">\n\t\t\t\t<div class=\"elementor-element elementor-element-83850bf elementor-invisible elementor-widget elementor-widget-heading\" data-id=\"83850bf\" data-element_type=\"widget\" data-e-type=\"widget\" data-settings=\"{&quot;_animation&quot;:&quot;fadeInLeft&quot;}\" data-widget_type=\"heading.default\">\n\t\t\t\t\t<h2 class=\"elementor-heading-title elementor-size-default\">POLITIQUE DE <b>COOKIES<\/b><\/h2>\t\t\t\t<\/div>\n\t\t\t\t<div class=\"elementor-element elementor-element-da29344 elementor-invisible elementor-widget elementor-widget-text-editor\" data-id=\"da29344\" data-element_type=\"widget\" data-e-type=\"widget\" data-settings=\"{&quot;_animation&quot;:&quot;fadeInLeft&quot;}\" data-widget_type=\"text-editor.default\">\n\t\t\t\t\t\t\t\t\t<p>Texto\u00a0<\/p>\t\t\t\t\t\t\t\t<\/div>\n\t\t\t\t\t<\/div>\n\t\t\t\t<\/div>\n\t\t\t\t<\/div>\n\t\t","protected":false},"excerpt":{"rendered":"<p>POLITIQUE DE COOKIES Texto\u00a0<\/p>\n","protected":false},"author":1,"featured_media":0,"parent":0,"menu_order":0,"comment_status":"closed","ping_status":"closed","template":"","meta":{"footnotes":""},"class_list":["post-1873","page","type-page","status-publish","hentry"],"yoast_head":"<!-- This site is optimized with the Yoast SEO plugin v27.0 - https:\/\/yoast.com\/product\/yoast-seo-wordpress\/ -->\n<title>Politique de cookies - Zard\u00e1<\/title>\n<meta name=\"robots\" content=\"noindex, follow, max-snippet:-1, max-image-preview:large, max-video-preview:-1\" \/>\n<meta property=\"og:locale\" content=\"fr_FR\" \/>\n<meta property=\"og:type\" content=\"article\" \/>\n<meta property=\"og:title\" content=\"Politique de cookies - Zard\u00e1\" \/>\n<meta property=\"og:description\" content=\"POLITIQUE DE COOKIES Texto\u00a0\" \/>\n<meta property=\"og:url\" content=\"https:\/\/zarda.nunsys.net\/fr\/politique-de-cookies\/\" \/>\n<meta property=\"og:site_name\" content=\"Zard\u00e1\" \/>\n<meta property=\"article:modified_time\" content=\"2026-02-26T10:22:34+00:00\" \/>\n<meta name=\"twitter:card\" content=\"summary_large_image\" \/>\n<meta name=\"twitter:label1\" content=\"Dur\u00e9e de lecture estim\u00e9e\" \/>\n\t<meta name=\"twitter:data1\" content=\"1 minute\" \/>\n<script type=\"application\/ld+json\" class=\"yoast-schema-graph\">{\"@context\":\"https:\/\/schema.org\",\"@graph\":[{\"@type\":\"WebPage\",\"@id\":\"https:\/\/zarda.nunsys.net\/fr\/politique-de-cookies\/\",\"url\":\"https:\/\/zarda.nunsys.net\/fr\/politique-de-cookies\/\",\"name\":\"Politique de cookies - Zard\u00e1\",\"isPartOf\":{\"@id\":\"https:\/\/zarda.nunsys.net\/fr\/#website\"},\"datePublished\":\"2025-12-09T12:38:07+00:00\",\"dateModified\":\"2026-02-26T10:22:34+00:00\",\"breadcrumb\":{\"@id\":\"https:\/\/zarda.nunsys.net\/fr\/politique-de-cookies\/#breadcrumb\"},\"inLanguage\":\"fr-FR\",\"potentialAction\":[{\"@type\":\"ReadAction\",\"target\":[\"https:\/\/zarda.nunsys.net\/fr\/politique-de-cookies\/\"]}]},{\"@type\":\"BreadcrumbList\",\"@id\":\"https:\/\/zarda.nunsys.net\/fr\/politique-de-cookies\/#breadcrumb\",\"itemListElement\":[{\"@type\":\"ListItem\",\"position\":1,\"name\":\"Accueil\",\"item\":\"https:\/\/zarda.nunsys.net\/fr\/\"},{\"@type\":\"ListItem\",\"position\":2,\"name\":\"Politique de cookies\"}]},{\"@type\":\"WebSite\",\"@id\":\"https:\/\/zarda.nunsys.net\/fr\/#website\",\"url\":\"https:\/\/zarda.nunsys.net\/fr\/\",\"name\":\"Zard\u00e1\",\"description\":\"Sof\u00e1s Cama Zard\u00e1, dise\u00f1o, calidad y confort\",\"publisher\":{\"@id\":\"https:\/\/zarda.nunsys.net\/fr\/#organization\"},\"potentialAction\":[{\"@type\":\"SearchAction\",\"target\":{\"@type\":\"EntryPoint\",\"urlTemplate\":\"https:\/\/zarda.nunsys.net\/fr\/?s={search_term_string}\"},\"query-input\":{\"@type\":\"PropertyValueSpecification\",\"valueRequired\":true,\"valueName\":\"search_term_string\"}}],\"inLanguage\":\"fr-FR\"},{\"@type\":\"Organization\",\"@id\":\"https:\/\/zarda.nunsys.net\/fr\/#organization\",\"name\":\"Zard\u00e1\",\"url\":\"https:\/\/zarda.nunsys.net\/fr\/\",\"logo\":{\"@type\":\"ImageObject\",\"inLanguage\":\"fr-FR\",\"@id\":\"https:\/\/zarda.nunsys.net\/fr\/#\/schema\/logo\/image\/\",\"url\":\"https:\/\/zarda.nunsys.net\/wp-content\/uploads\/2026\/02\/Logo_Zarda.png\",\"contentUrl\":\"https:\/\/zarda.nunsys.net\/wp-content\/uploads\/2026\/02\/Logo_Zarda.png\",\"width\":300,\"height\":114,\"caption\":\"Zard\u00e1\"},\"image\":{\"@id\":\"https:\/\/zarda.nunsys.net\/fr\/#\/schema\/logo\/image\/\"}}]}<\/script>\n<!-- \/ Yoast SEO plugin. -->","yoast_head_json":{"title":"Politique de cookies - Zard\u00e1","robots":{"index":"noindex","follow":"follow","max-snippet":"max-snippet:-1","max-image-preview":"max-image-preview:large","max-video-preview":"max-video-preview:-1"},"og_locale":"fr_FR","og_type":"article","og_title":"Politique de cookies - Zard\u00e1","og_description":"POLITIQUE DE COOKIES Texto\u00a0","og_url":"https:\/\/zarda.nunsys.net\/fr\/politique-de-cookies\/","og_site_name":"Zard\u00e1","article_modified_time":"2026-02-26T10:22:34+00:00","twitter_card":"summary_large_image","twitter_misc":{"Dur\u00e9e de lecture estim\u00e9e":"1 minute"},"schema":{"@context":"https:\/\/schema.org","@graph":[{"@type":"WebPage","@id":"https:\/\/zarda.nunsys.net\/fr\/politique-de-cookies\/","url":"https:\/\/zarda.nunsys.net\/fr\/politique-de-cookies\/","name":"Politique de cookies - Zard\u00e1","isPartOf":{"@id":"https:\/\/zarda.nunsys.net\/fr\/#website"},"datePublished":"2025-12-09T12:38:07+00:00","dateModified":"2026-02-26T10:22:34+00:00","breadcrumb":{"@id":"https:\/\/zarda.nunsys.net\/fr\/politique-de-cookies\/#breadcrumb"},"inLanguage":"fr-FR","potentialAction":[{"@type":"ReadAction","target":["https:\/\/zarda.nunsys.net\/fr\/politique-de-cookies\/"]}]},{"@type":"BreadcrumbList","@id":"https:\/\/zarda.nunsys.net\/fr\/politique-de-cookies\/#breadcrumb","itemListElement":[{"@type":"ListItem","position":1,"name":"Accueil","item":"https:\/\/zarda.nunsys.net\/fr\/"},{"@type":"ListItem","position":2,"name":"Politique de cookies"}]},{"@type":"WebSite","@id":"https:\/\/zarda.nunsys.net\/fr\/#website","url":"https:\/\/zarda.nunsys.net\/fr\/","name":"Zard\u00e1","description":"Sof\u00e1s Cama Zard\u00e1, dise\u00f1o, calidad y confort","publisher":{"@id":"https:\/\/zarda.nunsys.net\/fr\/#organization"},"potentialAction":[{"@type":"SearchAction","target":{"@type":"EntryPoint","urlTemplate":"https:\/\/zarda.nunsys.net\/fr\/?s={search_term_string}"},"query-input":{"@type":"PropertyValueSpecification","valueRequired":true,"valueName":"search_term_string"}}],"inLanguage":"fr-FR"},{"@type":"Organization","@id":"https:\/\/zarda.nunsys.net\/fr\/#organization","name":"Zard\u00e1","url":"https:\/\/zarda.nunsys.net\/fr\/","logo":{"@type":"ImageObject","inLanguage":"fr-FR","@id":"https:\/\/zarda.nunsys.net\/fr\/#\/schema\/logo\/image\/","url":"https:\/\/zarda.nunsys.net\/wp-content\/uploads\/2026\/02\/Logo_Zarda.png","contentUrl":"https:\/\/zarda.nunsys.net\/wp-content\/uploads\/2026\/02\/Logo_Zarda.png","width":300,"height":114,"caption":"Zard\u00e1"},"image":{"@id":"https:\/\/zarda.nunsys.net\/fr\/#\/schema\/logo\/image\/"}}]}},"_links":{"self":[{"href":"https:\/\/zarda.nunsys.net\/fr\/wp-json\/wp\/v2\/pages\/1873","targetHints":{"allow":["GET"]}}],"collection":[{"href":"https:\/\/zarda.nunsys.net\/fr\/wp-json\/wp\/v2\/pages"}],"about":[{"href":"https:\/\/zarda.nunsys.net\/fr\/wp-json\/wp\/v2\/types\/page"}],"author":[{"embeddable":true,"href":"https:\/\/zarda.nunsys.net\/fr\/wp-json\/wp\/v2\/users\/1"}],"replies":[{"embeddable":true,"href":"https:\/\/zarda.nunsys.net\/fr\/wp-json\/wp\/v2\/comments?post=1873"}],"version-history":[{"count":7,"href":"https:\/\/zarda.nunsys.net\/fr\/wp-json\/wp\/v2\/pages\/1873\/revisions"}],"predecessor-version":[{"id":4359,"href":"https:\/\/zarda.nunsys.net\/fr\/wp-json\/wp\/v2\/pages\/1873\/revisions\/4359"}],"wp:attachment":[{"href":"https:\/\/zarda.nunsys.net\/fr\/wp-json\/wp\/v2\/media?parent=1873"}],"curies":[{"name":"wp","href":"https:\/\/api.w.org\/{rel}","templated":true}]}}