{"id":1879,"date":"2025-12-11T13:09:19","date_gmt":"2025-12-11T13:09:19","guid":{"rendered":"https:\/\/zarda.nunsys.net\/terminos-y-condiciones\/"},"modified":"2026-02-26T10:30:16","modified_gmt":"2026-02-26T10:30:16","slug":"conditions-generales","status":"publish","type":"page","link":"https:\/\/zarda.nunsys.net\/fr\/conditions-generales\/","title":{"rendered":"Conditions G\u00e9n\u00e9rales"},"content":{"rendered":"\t\t<div data-elementor-type=\"wp-page\" data-elementor-id=\"1879\" class=\"elementor elementor-1879 elementor-1321\" data-elementor-post-type=\"page\">\n\t\t\t\t<div class=\"elementor-element elementor-element-c0f3307 e-flex e-con-boxed e-con e-parent\" data-id=\"c0f3307\" data-element_type=\"container\" data-e-type=\"container\" data-settings=\"{&quot;jet_parallax_layout_list&quot;:[]}\">\n\t\t\t\t\t<div class=\"e-con-inner\">\n\t\t\t\t<div class=\"elementor-element elementor-element-8e0ca10 elementor-invisible elementor-widget elementor-widget-heading\" data-id=\"8e0ca10\" data-element_type=\"widget\" data-e-type=\"widget\" data-settings=\"{&quot;_animation&quot;:&quot;fadeInLeft&quot;}\" data-widget_type=\"heading.default\">\n\t\t\t\t\t<h2 class=\"elementor-heading-title elementor-size-default\">CONDITIONS <b>G\u00c9N\u00c9RALES<\/b><\/h2>\t\t\t\t<\/div>\n\t\t\t\t<div class=\"elementor-element elementor-element-4730290 elementor-invisible elementor-widget elementor-widget-text-editor\" data-id=\"4730290\" data-element_type=\"widget\" data-e-type=\"widget\" data-settings=\"{&quot;_animation&quot;:&quot;fadeInLeft&quot;}\" data-widget_type=\"text-editor.default\">\n\t\t\t\t\t\t\t\t\t<p><strong>1. Objet<\/strong><\/p><p>Les pr\u00e9sentes Conditions r\u00e9gissent l\u2019acc\u00e8s et l\u2019utilisation du site web de ZARD\u00c1 CONCEPT S.L.<\/p><p><strong> <br \/>2. Conditions d\u2019acc\u00e8s<\/strong><\/p><p>L\u2019utilisateur s\u2019engage \u00e0 utiliser le site web de mani\u00e8re licite et appropri\u00e9e. Le Titulaire peut modifier les contenus ou les conditions sans pr\u00e9avis.<\/p><p><strong><br \/>3. Propri\u00e9t\u00e9 intellectuelle<\/strong><\/p><p>Tous les contenus du site web sont prot\u00e9g\u00e9s par des droits de propri\u00e9t\u00e9 intellectuelle. L\u2019utilisateur ne peut pas les reproduire sans autorisation.<\/p><p><strong> <br \/>4. Interdictions de l\u2019utilisateur<\/strong><\/p><p>L\u2019utilisateur s\u2019engage \u00e0 NE PAS :<\/p><p>Diffuser des contenus ill\u00e9gaux ou nuisibles.<\/p><p>Tenter d\u2019acc\u00e9der de mani\u00e8re non autoris\u00e9e aux syst\u00e8mes du Titulaire.<\/p><p>Utiliser les contenus \u00e0 des fins commerciales non autoris\u00e9es.<\/p><p><strong><br \/>5. Responsabilit\u00e9<\/strong><\/p><p>Le Titulaire n\u2019assume aucune responsabilit\u00e9 en cas de d\u00e9faillances techniques, d\u2019indisponibilit\u00e9 du site ou de dommages r\u00e9sultant d\u2019une mauvaise utilisation de celui-ci.<\/p><p><strong> Modifications<\/strong><\/p><p>Le Titulaire peut modifier les pr\u00e9sentes Conditions G\u00e9n\u00e9rales \u00e0 tout moment. L\u2019utilisation du site implique leur acceptation.<\/p><p><strong> <br \/>6. L\u00e9gislation applicable<\/strong><\/p><p>La relation entre les parties sera r\u00e9gie par la l\u00e9gislation espagnole et les tribunaux de Valence seront comp\u00e9tents.<\/p>\t\t\t\t\t\t\t\t<\/div>\n\t\t\t\t\t<\/div>\n\t\t\t\t<\/div>\n\t\t\t\t<\/div>\n\t\t","protected":false},"excerpt":{"rendered":"<p>CONDITIONS G\u00c9N\u00c9RALES 1. Objet Les pr\u00e9sentes Conditions r\u00e9gissent l\u2019acc\u00e8s et l\u2019utilisation du site web de ZARD\u00c1 CONCEPT S.L. 2. Conditions d\u2019acc\u00e8s L\u2019utilisateur s\u2019engage \u00e0 utiliser le site web de mani\u00e8re licite et appropri\u00e9e. Le Titulaire peut modifier les contenus ou les conditions sans pr\u00e9avis. 3. Propri\u00e9t\u00e9 intellectuelle Tous les contenus du site web sont prot\u00e9g\u00e9s [&hellip;]<\/p>\n","protected":false},"author":1,"featured_media":0,"parent":0,"menu_order":0,"comment_status":"closed","ping_status":"closed","template":"","meta":{"footnotes":""},"class_list":["post-1879","page","type-page","status-publish","hentry"],"yoast_head":"<!-- This site is optimized with the Yoast SEO plugin v27.0 - https:\/\/yoast.com\/product\/yoast-seo-wordpress\/ -->\n<title>Conditions G\u00e9n\u00e9rales - Zard\u00e1<\/title>\n<meta name=\"robots\" content=\"noindex, follow, max-snippet:-1, max-image-preview:large, max-video-preview:-1\" \/>\n<meta property=\"og:locale\" content=\"fr_FR\" \/>\n<meta property=\"og:type\" content=\"article\" \/>\n<meta property=\"og:title\" content=\"Conditions G\u00e9n\u00e9rales - Zard\u00e1\" \/>\n<meta property=\"og:description\" content=\"CONDITIONS G\u00c9N\u00c9RALES 1. Objet Les pr\u00e9sentes Conditions r\u00e9gissent l\u2019acc\u00e8s et l\u2019utilisation du site web de ZARD\u00c1 CONCEPT S.L. 2. Conditions d\u2019acc\u00e8s L\u2019utilisateur s\u2019engage \u00e0 utiliser le site web de mani\u00e8re licite et appropri\u00e9e. Le Titulaire peut modifier les contenus ou les conditions sans pr\u00e9avis. 3. Propri\u00e9t\u00e9 intellectuelle Tous les contenus du site web sont prot\u00e9g\u00e9s [&hellip;]\" \/>\n<meta property=\"og:url\" content=\"https:\/\/zarda.nunsys.net\/fr\/conditions-generales\/\" \/>\n<meta property=\"og:site_name\" content=\"Zard\u00e1\" \/>\n<meta property=\"article:modified_time\" content=\"2026-02-26T10:30:16+00:00\" \/>\n<meta name=\"twitter:card\" content=\"summary_large_image\" \/>\n<meta name=\"twitter:label1\" content=\"Dur\u00e9e de lecture estim\u00e9e\" \/>\n\t<meta name=\"twitter:data1\" content=\"1 minute\" \/>\n<script type=\"application\/ld+json\" class=\"yoast-schema-graph\">{\"@context\":\"https:\/\/schema.org\",\"@graph\":[{\"@type\":\"WebPage\",\"@id\":\"https:\/\/zarda.nunsys.net\/fr\/conditions-generales\/\",\"url\":\"https:\/\/zarda.nunsys.net\/fr\/conditions-generales\/\",\"name\":\"Conditions G\u00e9n\u00e9rales - Zard\u00e1\",\"isPartOf\":{\"@id\":\"https:\/\/zarda.nunsys.net\/fr\/#website\"},\"datePublished\":\"2025-12-11T13:09:19+00:00\",\"dateModified\":\"2026-02-26T10:30:16+00:00\",\"breadcrumb\":{\"@id\":\"https:\/\/zarda.nunsys.net\/fr\/conditions-generales\/#breadcrumb\"},\"inLanguage\":\"fr-FR\",\"potentialAction\":[{\"@type\":\"ReadAction\",\"target\":[\"https:\/\/zarda.nunsys.net\/fr\/conditions-generales\/\"]}]},{\"@type\":\"BreadcrumbList\",\"@id\":\"https:\/\/zarda.nunsys.net\/fr\/conditions-generales\/#breadcrumb\",\"itemListElement\":[{\"@type\":\"ListItem\",\"position\":1,\"name\":\"Accueil\",\"item\":\"https:\/\/zarda.nunsys.net\/fr\/\"},{\"@type\":\"ListItem\",\"position\":2,\"name\":\"Conditions G\u00e9n\u00e9rales\"}]},{\"@type\":\"WebSite\",\"@id\":\"https:\/\/zarda.nunsys.net\/fr\/#website\",\"url\":\"https:\/\/zarda.nunsys.net\/fr\/\",\"name\":\"Zard\u00e1\",\"description\":\"Sof\u00e1s Cama Zard\u00e1, dise\u00f1o, calidad y confort\",\"publisher\":{\"@id\":\"https:\/\/zarda.nunsys.net\/fr\/#organization\"},\"potentialAction\":[{\"@type\":\"SearchAction\",\"target\":{\"@type\":\"EntryPoint\",\"urlTemplate\":\"https:\/\/zarda.nunsys.net\/fr\/?s={search_term_string}\"},\"query-input\":{\"@type\":\"PropertyValueSpecification\",\"valueRequired\":true,\"valueName\":\"search_term_string\"}}],\"inLanguage\":\"fr-FR\"},{\"@type\":\"Organization\",\"@id\":\"https:\/\/zarda.nunsys.net\/fr\/#organization\",\"name\":\"Zard\u00e1\",\"url\":\"https:\/\/zarda.nunsys.net\/fr\/\",\"logo\":{\"@type\":\"ImageObject\",\"inLanguage\":\"fr-FR\",\"@id\":\"https:\/\/zarda.nunsys.net\/fr\/#\/schema\/logo\/image\/\",\"url\":\"https:\/\/zarda.nunsys.net\/wp-content\/uploads\/2026\/02\/Logo_Zarda.png\",\"contentUrl\":\"https:\/\/zarda.nunsys.net\/wp-content\/uploads\/2026\/02\/Logo_Zarda.png\",\"width\":300,\"height\":114,\"caption\":\"Zard\u00e1\"},\"image\":{\"@id\":\"https:\/\/zarda.nunsys.net\/fr\/#\/schema\/logo\/image\/\"}}]}<\/script>\n<!-- \/ Yoast SEO plugin. -->","yoast_head_json":{"title":"Conditions G\u00e9n\u00e9rales - Zard\u00e1","robots":{"index":"noindex","follow":"follow","max-snippet":"max-snippet:-1","max-image-preview":"max-image-preview:large","max-video-preview":"max-video-preview:-1"},"og_locale":"fr_FR","og_type":"article","og_title":"Conditions G\u00e9n\u00e9rales - Zard\u00e1","og_description":"CONDITIONS G\u00c9N\u00c9RALES 1. Objet Les pr\u00e9sentes Conditions r\u00e9gissent l\u2019acc\u00e8s et l\u2019utilisation du site web de ZARD\u00c1 CONCEPT S.L. 2. Conditions d\u2019acc\u00e8s L\u2019utilisateur s\u2019engage \u00e0 utiliser le site web de mani\u00e8re licite et appropri\u00e9e. Le Titulaire peut modifier les contenus ou les conditions sans pr\u00e9avis. 3. Propri\u00e9t\u00e9 intellectuelle Tous les contenus du site web sont prot\u00e9g\u00e9s [&hellip;]","og_url":"https:\/\/zarda.nunsys.net\/fr\/conditions-generales\/","og_site_name":"Zard\u00e1","article_modified_time":"2026-02-26T10:30:16+00:00","twitter_card":"summary_large_image","twitter_misc":{"Dur\u00e9e de lecture estim\u00e9e":"1 minute"},"schema":{"@context":"https:\/\/schema.org","@graph":[{"@type":"WebPage","@id":"https:\/\/zarda.nunsys.net\/fr\/conditions-generales\/","url":"https:\/\/zarda.nunsys.net\/fr\/conditions-generales\/","name":"Conditions G\u00e9n\u00e9rales - Zard\u00e1","isPartOf":{"@id":"https:\/\/zarda.nunsys.net\/fr\/#website"},"datePublished":"2025-12-11T13:09:19+00:00","dateModified":"2026-02-26T10:30:16+00:00","breadcrumb":{"@id":"https:\/\/zarda.nunsys.net\/fr\/conditions-generales\/#breadcrumb"},"inLanguage":"fr-FR","potentialAction":[{"@type":"ReadAction","target":["https:\/\/zarda.nunsys.net\/fr\/conditions-generales\/"]}]},{"@type":"BreadcrumbList","@id":"https:\/\/zarda.nunsys.net\/fr\/conditions-generales\/#breadcrumb","itemListElement":[{"@type":"ListItem","position":1,"name":"Accueil","item":"https:\/\/zarda.nunsys.net\/fr\/"},{"@type":"ListItem","position":2,"name":"Conditions G\u00e9n\u00e9rales"}]},{"@type":"WebSite","@id":"https:\/\/zarda.nunsys.net\/fr\/#website","url":"https:\/\/zarda.nunsys.net\/fr\/","name":"Zard\u00e1","description":"Sof\u00e1s Cama Zard\u00e1, dise\u00f1o, calidad y confort","publisher":{"@id":"https:\/\/zarda.nunsys.net\/fr\/#organization"},"potentialAction":[{"@type":"SearchAction","target":{"@type":"EntryPoint","urlTemplate":"https:\/\/zarda.nunsys.net\/fr\/?s={search_term_string}"},"query-input":{"@type":"PropertyValueSpecification","valueRequired":true,"valueName":"search_term_string"}}],"inLanguage":"fr-FR"},{"@type":"Organization","@id":"https:\/\/zarda.nunsys.net\/fr\/#organization","name":"Zard\u00e1","url":"https:\/\/zarda.nunsys.net\/fr\/","logo":{"@type":"ImageObject","inLanguage":"fr-FR","@id":"https:\/\/zarda.nunsys.net\/fr\/#\/schema\/logo\/image\/","url":"https:\/\/zarda.nunsys.net\/wp-content\/uploads\/2026\/02\/Logo_Zarda.png","contentUrl":"https:\/\/zarda.nunsys.net\/wp-content\/uploads\/2026\/02\/Logo_Zarda.png","width":300,"height":114,"caption":"Zard\u00e1"},"image":{"@id":"https:\/\/zarda.nunsys.net\/fr\/#\/schema\/logo\/image\/"}}]}},"_links":{"self":[{"href":"https:\/\/zarda.nunsys.net\/fr\/wp-json\/wp\/v2\/pages\/1879","targetHints":{"allow":["GET"]}}],"collection":[{"href":"https:\/\/zarda.nunsys.net\/fr\/wp-json\/wp\/v2\/pages"}],"about":[{"href":"https:\/\/zarda.nunsys.net\/fr\/wp-json\/wp\/v2\/types\/page"}],"author":[{"embeddable":true,"href":"https:\/\/zarda.nunsys.net\/fr\/wp-json\/wp\/v2\/users\/1"}],"replies":[{"embeddable":true,"href":"https:\/\/zarda.nunsys.net\/fr\/wp-json\/wp\/v2\/comments?post=1879"}],"version-history":[{"count":11,"href":"https:\/\/zarda.nunsys.net\/fr\/wp-json\/wp\/v2\/pages\/1879\/revisions"}],"predecessor-version":[{"id":4375,"href":"https:\/\/zarda.nunsys.net\/fr\/wp-json\/wp\/v2\/pages\/1879\/revisions\/4375"}],"wp:attachment":[{"href":"https:\/\/zarda.nunsys.net\/fr\/wp-json\/wp\/v2\/media?parent=1879"}],"curies":[{"name":"wp","href":"https:\/\/api.w.org\/{rel}","templated":true}]}}