{"id":4215,"date":"2025-12-09T12:38:27","date_gmt":"2025-12-09T12:38:27","guid":{"rendered":"https:\/\/zarda.nunsys.net\/?page_id=4215"},"modified":"2026-02-26T10:28:15","modified_gmt":"2026-02-26T10:28:15","slug":"terms-and-conditions","status":"publish","type":"page","link":"https:\/\/zarda.nunsys.net\/fr\/terms-and-conditions\/","title":{"rendered":"Terms and Conditions"},"content":{"rendered":"\t\t<div data-elementor-type=\"wp-page\" data-elementor-id=\"4215\" class=\"elementor elementor-4215 elementor-805\" data-elementor-post-type=\"page\">\n\t\t\t\t<div class=\"elementor-element elementor-element-c0f3307 e-flex e-con-boxed e-con e-parent\" data-id=\"c0f3307\" data-element_type=\"container\" data-e-type=\"container\" data-settings=\"{&quot;jet_parallax_layout_list&quot;:[]}\">\n\t\t\t\t\t<div class=\"e-con-inner\">\n\t\t\t\t<div class=\"elementor-element elementor-element-8e0ca10 elementor-invisible elementor-widget elementor-widget-heading\" data-id=\"8e0ca10\" data-element_type=\"widget\" data-e-type=\"widget\" data-settings=\"{&quot;_animation&quot;:&quot;fadeInLeft&quot;}\" data-widget_type=\"heading.default\">\n\t\t\t\t\t<h2 class=\"elementor-heading-title elementor-size-default\">TERMS AND <b>CONDITIONS<\/b><\/h2>\t\t\t\t<\/div>\n\t\t\t\t<div class=\"elementor-element elementor-element-4730290 elementor-invisible elementor-widget elementor-widget-text-editor\" data-id=\"4730290\" data-element_type=\"widget\" data-e-type=\"widget\" data-settings=\"{&quot;_animation&quot;:&quot;fadeInLeft&quot;}\" data-widget_type=\"text-editor.default\">\n\t\t\t\t\t\t\t\t\t<p><strong>ZARD\u00c1 CONCEPT S.L<\/strong><br \/>Tax ID (CIF): B44953933<br \/>Address: C\/ Tur\u00eda, 14 \u2013 46550 \u2013 Albuixech<br \/>Email: info@zarda.es<br \/>Phone: +34 961 400 511<br \/><br \/><\/p><p><strong>1. Purpose<\/strong><\/p><p>These Terms govern access to and use of the website of ZARD\u00c1 CONCEPT S.L.<\/p><p><strong> <br \/>2. Conditions of Access<\/strong><\/p><p>The user agrees to use the website lawfully and appropriately. The Owner may modify the content or these conditions without prior notice.<\/p><p><strong><br \/>3. Intellectual Property<\/strong><\/p><p>All website content is protected by intellectual property rights. The user may not reproduce it without permission.<\/p><p><strong> <br \/>4. User Prohibitions<\/strong><\/p><p>The user agrees NOT to:<\/p><p>Distribute illegal or harmful content.<\/p><p>Attempt to gain unauthorized access to the Owner\u2019s systems.<\/p><p>Use the content for unauthorized commercial purposes.<\/p><p><strong> <br \/>5. Liability<\/strong><\/p><p>The Owner assumes no liability for technical failures, website unavailability, or damages resulting from improper use of the website.<\/p><p><strong>6. Modifications<\/strong><\/p><p>The Owner may modify these Terms and Conditions at any time. Use of the website implies acceptance of them.<\/p><p><strong>7. Governing Law<\/strong><\/p><p>The relationship between the parties shall be governed by Spanish law, and the courts of Valencia shall have jurisdiction.<\/p>\t\t\t\t\t\t\t\t<\/div>\n\t\t\t\t\t<\/div>\n\t\t\t\t<\/div>\n\t\t\t\t<\/div>\n\t\t","protected":false},"excerpt":{"rendered":"<p>TERMS AND CONDITIONS ZARD\u00c1 CONCEPT S.LTax ID (CIF): B44953933Address: C\/ Tur\u00eda, 14 \u2013 46550 \u2013 AlbuixechEmail: info@zarda.esPhone: +34 961 400 511 1. Purpose These Terms govern access to and use of the website of ZARD\u00c1 CONCEPT S.L. 2. Conditions of Access The user agrees to use the website lawfully and appropriately. The Owner may modify [&hellip;]<\/p>\n","protected":false},"author":1,"featured_media":0,"parent":0,"menu_order":0,"comment_status":"closed","ping_status":"closed","template":"","meta":{"footnotes":""},"class_list":["post-4215","page","type-page","status-publish","hentry"],"yoast_head":"<!-- This site is optimized with the Yoast SEO plugin v27.0 - https:\/\/yoast.com\/product\/yoast-seo-wordpress\/ -->\n<title>Terms and Conditions - Zard\u00e1<\/title>\n<meta name=\"robots\" content=\"noindex, follow, max-snippet:-1, max-image-preview:large, max-video-preview:-1\" \/>\n<meta property=\"og:locale\" content=\"fr_FR\" \/>\n<meta property=\"og:type\" content=\"article\" \/>\n<meta property=\"og:title\" content=\"Terms and Conditions - Zard\u00e1\" \/>\n<meta property=\"og:description\" content=\"TERMS AND CONDITIONS ZARD\u00c1 CONCEPT S.LTax ID (CIF): B44953933Address: C\/ Tur\u00eda, 14 \u2013 46550 \u2013 AlbuixechEmail: info@zarda.esPhone: +34 961 400 511 1. Purpose These Terms govern access to and use of the website of ZARD\u00c1 CONCEPT S.L. 2. Conditions of Access The user agrees to use the website lawfully and appropriately. The Owner may modify [&hellip;]\" \/>\n<meta property=\"og:url\" content=\"https:\/\/zarda.nunsys.net\/fr\/terms-and-conditions\/\" \/>\n<meta property=\"og:site_name\" content=\"Zard\u00e1\" \/>\n<meta property=\"article:modified_time\" content=\"2026-02-26T10:28:15+00:00\" \/>\n<meta name=\"twitter:card\" content=\"summary_large_image\" \/>\n<meta name=\"twitter:label1\" content=\"Dur\u00e9e de lecture estim\u00e9e\" \/>\n\t<meta name=\"twitter:data1\" content=\"1 minute\" \/>\n<script type=\"application\/ld+json\" class=\"yoast-schema-graph\">{\"@context\":\"https:\/\/schema.org\",\"@graph\":[{\"@type\":\"WebPage\",\"@id\":\"https:\/\/zarda.nunsys.net\/fr\/terms-and-conditions\/\",\"url\":\"https:\/\/zarda.nunsys.net\/fr\/terms-and-conditions\/\",\"name\":\"Terms and Conditions - Zard\u00e1\",\"isPartOf\":{\"@id\":\"https:\/\/zarda.nunsys.net\/fr\/#website\"},\"datePublished\":\"2025-12-09T12:38:27+00:00\",\"dateModified\":\"2026-02-26T10:28:15+00:00\",\"breadcrumb\":{\"@id\":\"https:\/\/zarda.nunsys.net\/fr\/terms-and-conditions\/#breadcrumb\"},\"inLanguage\":\"fr-FR\",\"potentialAction\":[{\"@type\":\"ReadAction\",\"target\":[\"https:\/\/zarda.nunsys.net\/fr\/terms-and-conditions\/\"]}]},{\"@type\":\"BreadcrumbList\",\"@id\":\"https:\/\/zarda.nunsys.net\/fr\/terms-and-conditions\/#breadcrumb\",\"itemListElement\":[{\"@type\":\"ListItem\",\"position\":1,\"name\":\"Accueil\",\"item\":\"https:\/\/zarda.nunsys.net\/fr\/\"},{\"@type\":\"ListItem\",\"position\":2,\"name\":\"Terms and Conditions\"}]},{\"@type\":\"WebSite\",\"@id\":\"https:\/\/zarda.nunsys.net\/fr\/#website\",\"url\":\"https:\/\/zarda.nunsys.net\/fr\/\",\"name\":\"Zard\u00e1\",\"description\":\"Sof\u00e1s Cama Zard\u00e1, dise\u00f1o, calidad y confort\",\"publisher\":{\"@id\":\"https:\/\/zarda.nunsys.net\/fr\/#organization\"},\"potentialAction\":[{\"@type\":\"SearchAction\",\"target\":{\"@type\":\"EntryPoint\",\"urlTemplate\":\"https:\/\/zarda.nunsys.net\/fr\/?s={search_term_string}\"},\"query-input\":{\"@type\":\"PropertyValueSpecification\",\"valueRequired\":true,\"valueName\":\"search_term_string\"}}],\"inLanguage\":\"fr-FR\"},{\"@type\":\"Organization\",\"@id\":\"https:\/\/zarda.nunsys.net\/fr\/#organization\",\"name\":\"Zard\u00e1\",\"url\":\"https:\/\/zarda.nunsys.net\/fr\/\",\"logo\":{\"@type\":\"ImageObject\",\"inLanguage\":\"fr-FR\",\"@id\":\"https:\/\/zarda.nunsys.net\/fr\/#\/schema\/logo\/image\/\",\"url\":\"https:\/\/zarda.nunsys.net\/wp-content\/uploads\/2026\/02\/Logo_Zarda.png\",\"contentUrl\":\"https:\/\/zarda.nunsys.net\/wp-content\/uploads\/2026\/02\/Logo_Zarda.png\",\"width\":300,\"height\":114,\"caption\":\"Zard\u00e1\"},\"image\":{\"@id\":\"https:\/\/zarda.nunsys.net\/fr\/#\/schema\/logo\/image\/\"}}]}<\/script>\n<!-- \/ Yoast SEO plugin. -->","yoast_head_json":{"title":"Terms and Conditions - Zard\u00e1","robots":{"index":"noindex","follow":"follow","max-snippet":"max-snippet:-1","max-image-preview":"max-image-preview:large","max-video-preview":"max-video-preview:-1"},"og_locale":"fr_FR","og_type":"article","og_title":"Terms and Conditions - Zard\u00e1","og_description":"TERMS AND CONDITIONS ZARD\u00c1 CONCEPT S.LTax ID (CIF): B44953933Address: C\/ Tur\u00eda, 14 \u2013 46550 \u2013 AlbuixechEmail: info@zarda.esPhone: +34 961 400 511 1. Purpose These Terms govern access to and use of the website of ZARD\u00c1 CONCEPT S.L. 2. Conditions of Access The user agrees to use the website lawfully and appropriately. The Owner may modify [&hellip;]","og_url":"https:\/\/zarda.nunsys.net\/fr\/terms-and-conditions\/","og_site_name":"Zard\u00e1","article_modified_time":"2026-02-26T10:28:15+00:00","twitter_card":"summary_large_image","twitter_misc":{"Dur\u00e9e de lecture estim\u00e9e":"1 minute"},"schema":{"@context":"https:\/\/schema.org","@graph":[{"@type":"WebPage","@id":"https:\/\/zarda.nunsys.net\/fr\/terms-and-conditions\/","url":"https:\/\/zarda.nunsys.net\/fr\/terms-and-conditions\/","name":"Terms and Conditions - Zard\u00e1","isPartOf":{"@id":"https:\/\/zarda.nunsys.net\/fr\/#website"},"datePublished":"2025-12-09T12:38:27+00:00","dateModified":"2026-02-26T10:28:15+00:00","breadcrumb":{"@id":"https:\/\/zarda.nunsys.net\/fr\/terms-and-conditions\/#breadcrumb"},"inLanguage":"fr-FR","potentialAction":[{"@type":"ReadAction","target":["https:\/\/zarda.nunsys.net\/fr\/terms-and-conditions\/"]}]},{"@type":"BreadcrumbList","@id":"https:\/\/zarda.nunsys.net\/fr\/terms-and-conditions\/#breadcrumb","itemListElement":[{"@type":"ListItem","position":1,"name":"Accueil","item":"https:\/\/zarda.nunsys.net\/fr\/"},{"@type":"ListItem","position":2,"name":"Terms and Conditions"}]},{"@type":"WebSite","@id":"https:\/\/zarda.nunsys.net\/fr\/#website","url":"https:\/\/zarda.nunsys.net\/fr\/","name":"Zard\u00e1","description":"Sof\u00e1s Cama Zard\u00e1, dise\u00f1o, calidad y confort","publisher":{"@id":"https:\/\/zarda.nunsys.net\/fr\/#organization"},"potentialAction":[{"@type":"SearchAction","target":{"@type":"EntryPoint","urlTemplate":"https:\/\/zarda.nunsys.net\/fr\/?s={search_term_string}"},"query-input":{"@type":"PropertyValueSpecification","valueRequired":true,"valueName":"search_term_string"}}],"inLanguage":"fr-FR"},{"@type":"Organization","@id":"https:\/\/zarda.nunsys.net\/fr\/#organization","name":"Zard\u00e1","url":"https:\/\/zarda.nunsys.net\/fr\/","logo":{"@type":"ImageObject","inLanguage":"fr-FR","@id":"https:\/\/zarda.nunsys.net\/fr\/#\/schema\/logo\/image\/","url":"https:\/\/zarda.nunsys.net\/wp-content\/uploads\/2026\/02\/Logo_Zarda.png","contentUrl":"https:\/\/zarda.nunsys.net\/wp-content\/uploads\/2026\/02\/Logo_Zarda.png","width":300,"height":114,"caption":"Zard\u00e1"},"image":{"@id":"https:\/\/zarda.nunsys.net\/fr\/#\/schema\/logo\/image\/"}}]}},"_links":{"self":[{"href":"https:\/\/zarda.nunsys.net\/fr\/wp-json\/wp\/v2\/pages\/4215","targetHints":{"allow":["GET"]}}],"collection":[{"href":"https:\/\/zarda.nunsys.net\/fr\/wp-json\/wp\/v2\/pages"}],"about":[{"href":"https:\/\/zarda.nunsys.net\/fr\/wp-json\/wp\/v2\/types\/page"}],"author":[{"embeddable":true,"href":"https:\/\/zarda.nunsys.net\/fr\/wp-json\/wp\/v2\/users\/1"}],"replies":[{"embeddable":true,"href":"https:\/\/zarda.nunsys.net\/fr\/wp-json\/wp\/v2\/comments?post=4215"}],"version-history":[{"count":13,"href":"https:\/\/zarda.nunsys.net\/fr\/wp-json\/wp\/v2\/pages\/4215\/revisions"}],"predecessor-version":[{"id":4369,"href":"https:\/\/zarda.nunsys.net\/fr\/wp-json\/wp\/v2\/pages\/4215\/revisions\/4369"}],"wp:attachment":[{"href":"https:\/\/zarda.nunsys.net\/fr\/wp-json\/wp\/v2\/media?parent=4215"}],"curies":[{"name":"wp","href":"https:\/\/api.w.org\/{rel}","templated":true}]}}